{"id":314,"date":"2018-10-20T23:33:05","date_gmt":"2018-10-20T21:33:05","guid":{"rendered":"https:\/\/www.psychotherapie-chatterjee.de\/?page_id=314"},"modified":"2018-10-20T23:40:50","modified_gmt":"2018-10-20T21:40:50","slug":"kontaktaufnahme-per-e-mail","status":"publish","type":"page","link":"https:\/\/www.psychotherapie-chatterjee.de\/index.php\/kontaktaufnahme-per-e-mail\/","title":{"rendered":"Kontaktaufnahme per E-Mail"},"content":{"rendered":"<p>Wenn Sie mir per E-Mail eine Anfrage oder Mitteilung senden, willigen Sie damit in die Verarbeitung Ihrer Daten gem\u00e4\u00df dieser Datenschutzerkl\u00e4rung ein. In diesem Fall werden Ihre mit der E-Mail \u00fcbermittelten Daten von mir gespeichert und ausschlie\u00dflich f\u00fcr die Verarbeitung der Kommunikation zwischen Ihnen und mir verwendet. Rechtsgrundlage f\u00fcr die Verarbeitung dieser Daten ist Ihre Einwilligung gem\u00e4\u00df Art. 6 Abs. 1 lit. a DSGVO, die Sie mir implizit durch das Senden einer E-Mail an meine E-Mail-Adresse erteilt haben, beziehungsweise mein berechtigtes Interesse nach Art. 6 Abs. 1 lit. f DSGVO, welches in der Kommunikation mit Ihnen gegeben ist. Ich l\u00f6sche Ihre Daten, sobald der Zweck ihrer Erhebung entf\u00e4llt, d.h. dann, wenn die jeweilige Kommunikation mit Ihnen beendet ist und die gesetzlichen Archivierungspflichten dies zulassen.<\/p>\n<p>Bitte haben Sie Verst\u00e4ndnis daf\u00fcr, dass ich kei\u00adne Beratungen per E-Mail durchf\u00fchre, da dieses Kommunikationsmittel weder Ver\u00adtrau\u00adlich\u00adkeit noch Zuverl\u00e4ssigkeit ga\u00adran\u00adtiert.<\/p>\n<p>Sie haben jederzeit die M\u00f6glichkeit, Ihre Einwilligung zur Verarbeitung Ihrer Daten zu widerrufen; in einem solchen Fall kann die Konversation nicht fortgef\u00fchrt werden.<\/p>\n","protected":false},"excerpt":{"rendered":"<p>Wenn Sie mir per E-Mail eine Anfrage oder Mitteilung senden, willigen Sie damit in die Verarbeitung Ihrer Daten gem\u00e4\u00df dieser Datenschutzerkl\u00e4rung ein. In diesem Fall werden Ihre mit der E-Mail \u00fcbermittelten Daten von mir gespeichert und ausschlie\u00dflich f\u00fcr die Verarbeitung der Kommunikation zwischen Ihnen und mir verwendet. Rechtsgrundlage f\u00fcr die Verarbeitung dieser Daten ist Ihre [&hellip;]<\/p>\n","protected":false},"author":2,"featured_media":0,"parent":0,"menu_order":0,"comment_status":"closed","ping_status":"closed","template":"","meta":{"footnotes":""},"class_list":["post-314","page","type-page","status-publish","hentry"],"_links":{"self":[{"href":"https:\/\/www.psychotherapie-chatterjee.de\/index.php\/wp-json\/wp\/v2\/pages\/314","targetHints":{"allow":["GET"]}}],"collection":[{"href":"https:\/\/www.psychotherapie-chatterjee.de\/index.php\/wp-json\/wp\/v2\/pages"}],"about":[{"href":"https:\/\/www.psychotherapie-chatterjee.de\/index.php\/wp-json\/wp\/v2\/types\/page"}],"author":[{"embeddable":true,"href":"https:\/\/www.psychotherapie-chatterjee.de\/index.php\/wp-json\/wp\/v2\/users\/2"}],"replies":[{"embeddable":true,"href":"https:\/\/www.psychotherapie-chatterjee.de\/index.php\/wp-json\/wp\/v2\/comments?post=314"}],"version-history":[{"count":12,"href":"https:\/\/www.psychotherapie-chatterjee.de\/index.php\/wp-json\/wp\/v2\/pages\/314\/revisions"}],"predecessor-version":[{"id":331,"href":"https:\/\/www.psychotherapie-chatterjee.de\/index.php\/wp-json\/wp\/v2\/pages\/314\/revisions\/331"}],"wp:attachment":[{"href":"https:\/\/www.psychotherapie-chatterjee.de\/index.php\/wp-json\/wp\/v2\/media?parent=314"}],"curies":[{"name":"wp","href":"https:\/\/api.w.org\/{rel}","templated":true}]}}