{"id":304,"date":"2018-10-20T23:16:16","date_gmt":"2018-10-20T21:16:16","guid":{"rendered":"https:\/\/www.psychotherapie-chatterjee.de\/?page_id=304"},"modified":"2018-10-20T23:26:56","modified_gmt":"2018-10-20T21:26:56","slug":"haftungsausschluss","status":"publish","type":"page","link":"https:\/\/www.psychotherapie-chatterjee.de\/index.php\/haftungsausschluss\/","title":{"rendered":"Haftungsausschlu\u00df"},"content":{"rendered":"<div id=\"tab-id-4-container\" class=\"tab_content active_tab_content\">\n<div class=\"tab_inner_content invers-color\">\n<p>Obwohl die Informationen auf diesen Web-Seiten mit gr\u00f6\u00dfter Sorgfalt erstellt wurden, kann Frau Angela Chatterjee nicht f\u00fcr deren Korrektheit garantieren.<\/p>\n<p>Angela Chatterjee kann in keinem Fall f\u00fcr etwaige Sch\u00e4den jeglicher Art verantwortlich gemacht werden, die durch die Benutzung oder im Zusammenhang mit der Benutzung der hier bereitgestellten Informationen entstehen.<\/p>\n<p>Ich behalte mir \u00c4nderungen der hier\u00a0 unverbindlich zur Verf\u00fcgung gestellten Informationen, ohne vorherige Ank\u00fcndigung vor.<\/p>\n<\/div>\n<\/div>\n","protected":false},"excerpt":{"rendered":"<p>Obwohl die Informationen auf diesen Web-Seiten mit gr\u00f6\u00dfter Sorgfalt erstellt wurden, kann Frau Angela Chatterjee nicht f\u00fcr deren Korrektheit garantieren. Angela Chatterjee kann in keinem Fall f\u00fcr etwaige Sch\u00e4den jeglicher Art verantwortlich gemacht werden, die durch die Benutzung oder im Zusammenhang mit der Benutzung der hier bereitgestellten Informationen entstehen. Ich behalte mir \u00c4nderungen der hier\u00a0 [&hellip;]<\/p>\n","protected":false},"author":2,"featured_media":0,"parent":0,"menu_order":0,"comment_status":"closed","ping_status":"closed","template":"","meta":{"footnotes":""},"class_list":["post-304","page","type-page","status-publish","hentry"],"_links":{"self":[{"href":"https:\/\/www.psychotherapie-chatterjee.de\/index.php\/wp-json\/wp\/v2\/pages\/304","targetHints":{"allow":["GET"]}}],"collection":[{"href":"https:\/\/www.psychotherapie-chatterjee.de\/index.php\/wp-json\/wp\/v2\/pages"}],"about":[{"href":"https:\/\/www.psychotherapie-chatterjee.de\/index.php\/wp-json\/wp\/v2\/types\/page"}],"author":[{"embeddable":true,"href":"https:\/\/www.psychotherapie-chatterjee.de\/index.php\/wp-json\/wp\/v2\/users\/2"}],"replies":[{"embeddable":true,"href":"https:\/\/www.psychotherapie-chatterjee.de\/index.php\/wp-json\/wp\/v2\/comments?post=304"}],"version-history":[{"count":5,"href":"https:\/\/www.psychotherapie-chatterjee.de\/index.php\/wp-json\/wp\/v2\/pages\/304\/revisions"}],"predecessor-version":[{"id":312,"href":"https:\/\/www.psychotherapie-chatterjee.de\/index.php\/wp-json\/wp\/v2\/pages\/304\/revisions\/312"}],"wp:attachment":[{"href":"https:\/\/www.psychotherapie-chatterjee.de\/index.php\/wp-json\/wp\/v2\/media?parent=304"}],"curies":[{"name":"wp","href":"https:\/\/api.w.org\/{rel}","templated":true}]}}