{"id":22,"date":"2018-10-01T22:00:50","date_gmt":"2018-10-01T20:00:50","guid":{"rendered":"https:\/\/www.psychotherapie-chatterjee.de\/?page_id=22"},"modified":"2021-06-09T22:06:08","modified_gmt":"2021-06-09T20:06:08","slug":"informationen","status":"publish","type":"page","link":"https:\/\/www.psychotherapie-chatterjee.de\/index.php\/informationen\/","title":{"rendered":"Informationen"},"content":{"rendered":"<section>\n<h2>Kontaktaufnahme \/ Telefonsprechstunde<\/h2>\n<\/section>\n<p>Wenn sie sich f\u00fcr einen Therapieplatz anmelden m\u00f6chten, rufen sie bitte zu den Zeiten der Telefonsprechstunde an.<\/p>\n<p>Diese ist:<\/p>\n<p><strong>Dienstags 10:40 &#8211; 12:20<\/strong><\/p>\n<section>\n<h2 class=\"bigger\"><span id=\"--sprechstunde-probatorische-sitzungen\">Sprechstunde &amp; Probatorische Sitzungen<\/span><\/h2>\n<p>Das erste Gespr\u00e4ch findet im Rahmen der Sprechstunde statt. Dieses Gespr\u00e4ch dient der Indikationsstellung. Im Rahmen der Sprechstunde sind maximal 3 jeweils 50-min\u00fctige Termine m\u00f6glich. Am Ende der Sprechstundentermine werden konkrete Empfehlungen \u00fcber weitergehende Schritte ausgesprochen.<\/p>\n<p>In den probatorischen Sitzungen schildern Patienten ihr Anliegen; hier sind maximal vier Gespr\u00e4che m\u00f6glich. In diesen Sitzungen wird die Problematik genauer erfasst und die Patienten lernen die pers\u00f6nliche Arbeitsweise der Therapeuten kennen. Dies ist wichtig, damit Sie entscheiden k\u00f6nnen, ob Sie die Therapie bei dieser\/m Therapeutin machen m\u00f6chten.<\/p>\n<section>\n<h2 class=\"bigger\"><span id=\"--kostenuebernahme\">Kosten\u00fcbernahme<\/span><\/h2>\n<p>Die Kostenerstattung ist abh\u00e4ngig von der Versicherungsart.<\/p>\n<p>Die Praxis kann ohne \u00dcberweisung direkt mit der Versichertenkarte der Krankenkasse aufgesucht werden.<\/p>\n<p>Bei Privatkrankenkassen erfolgt eine Privatliquidation, die sich nach der Geb\u00fchrenordnung f\u00fcr \u00c4rzte und \u00c4rztinnen richtet.<\/p>\n<h4>Gesetzliche Krankenkassen<\/h4>\n<p>Die 1999 verabschiedeten Therapierichtlinien sehen vor, dass Kurzzeittherapie, tiefenpsychologisch fundierte Psychotherapie und die analytische Psychotherapie gesetzliche Leistungen der Krankenkasse sind, sofern eine Indikation daf\u00fcr besteht.<\/p>\n<p>Die Kosten f\u00fcr die therapeutischen Leistungen werden von den Krankenkassen \u00fcbernommen, die Abrechnung erfolgt f\u00fcr die Sprechstunde und die probatorischen Sitzungen \u00fcber die Versichertenkarte.<\/p>\n<p>Falls dar\u00fcber hinaus eine Psychotherapie eingeleitet wird, stellt der Versicherte bzw. die Versicherte einen entsprechenden Antrag bei der Krankenkasse. F\u00fcr diesen Antrag schreiben wir einen anonymisierten Bericht an eine neutrale Gutachterstelle. Bei Bef\u00fcrwortung erhalten Patienten eine Zusage der Kosten\u00fcbernahme durch die Krankenkasse, eine Zuzahlung ist f\u00fcr Patienten nicht vorgesehen.<\/p>\n<p>F\u00fcr Teilnehmer des <strong>AOK und BKK Bosch Facharztprogrammes <\/strong>(Voraussetzung hierf\u00fcr ist die Teilnahme am Hausarztvertrag) oder Versicherte der<strong>\u00a0Daimler BKK<\/strong> werden i.d.R die Kosten direkt \u00fcbernommen.<\/p>\n<h4>Private Krankenkassen<\/h4>\n<p>Bei Privatversicherten ist die M\u00f6glichkeit einer Bewilligung f\u00fcr eine Psychotherapie unterschiedlich geregelt.<\/p>\n<p>Teilweise gibt es pauschale Stundenzahlungen, die ohne weiteren Antrag von den Krankenkassen erstattet werden, h\u00e4ufig 20 bis 30 Sitzungen. Bei gr\u00f6\u00dferen Stundenkontingenten bedeutet dies, dass die Kosten selbst getragen werden m\u00fcssen.<\/p>\n<p>Manche Privatkrankenkassen sehen, \u00e4hnlich wie die gesetzlichen Krankenkassen, vor, dass zun\u00e4chst eine Pr\u00fcfung des Antrags erfolgt und dann \u00fcber die beantragte Stundenzahl entschieden wird.<\/p>\n<p>Die Abrechnung der Psychotherapie richtet sich nach der Geb\u00fchrenordnung der \u00c4rzte und \u00c4rztinnen.<\/p>\n<\/section>\n<section>\n<h2 class=\"bigger\"><span id=\"--weitere-informationen\">Weiterf\u00fchrende Informationen<\/span><\/h2>\n<h3>Schweigepflicht<\/h3>\n<p>Ich unterliege wie meine \u00e4rztlichen Kollegen und Kolleginnen der gesetzlichen Schweigepflicht.<\/p>\n<\/section>\n<\/section>\n","protected":false},"excerpt":{"rendered":"<p>Kontaktaufnahme \/ Telefonsprechstunde Wenn sie sich f\u00fcr einen Therapieplatz anmelden m\u00f6chten, rufen sie bitte zu den Zeiten der Telefonsprechstunde an. Diese ist: Dienstags 10:40 &#8211; 12:20 Sprechstunde &amp; Probatorische Sitzungen Das erste Gespr\u00e4ch findet im Rahmen der Sprechstunde statt. Dieses Gespr\u00e4ch dient der Indikationsstellung. Im Rahmen der Sprechstunde sind maximal 3 jeweils 50-min\u00fctige Termine m\u00f6glich. [&hellip;]<\/p>\n","protected":false},"author":2,"featured_media":0,"parent":0,"menu_order":0,"comment_status":"closed","ping_status":"closed","template":"","meta":{"footnotes":""},"class_list":["post-22","page","type-page","status-publish","hentry"],"_links":{"self":[{"href":"https:\/\/www.psychotherapie-chatterjee.de\/index.php\/wp-json\/wp\/v2\/pages\/22","targetHints":{"allow":["GET"]}}],"collection":[{"href":"https:\/\/www.psychotherapie-chatterjee.de\/index.php\/wp-json\/wp\/v2\/pages"}],"about":[{"href":"https:\/\/www.psychotherapie-chatterjee.de\/index.php\/wp-json\/wp\/v2\/types\/page"}],"author":[{"embeddable":true,"href":"https:\/\/www.psychotherapie-chatterjee.de\/index.php\/wp-json\/wp\/v2\/users\/2"}],"replies":[{"embeddable":true,"href":"https:\/\/www.psychotherapie-chatterjee.de\/index.php\/wp-json\/wp\/v2\/comments?post=22"}],"version-history":[{"count":27,"href":"https:\/\/www.psychotherapie-chatterjee.de\/index.php\/wp-json\/wp\/v2\/pages\/22\/revisions"}],"predecessor-version":[{"id":381,"href":"https:\/\/www.psychotherapie-chatterjee.de\/index.php\/wp-json\/wp\/v2\/pages\/22\/revisions\/381"}],"wp:attachment":[{"href":"https:\/\/www.psychotherapie-chatterjee.de\/index.php\/wp-json\/wp\/v2\/media?parent=22"}],"curies":[{"name":"wp","href":"https:\/\/api.w.org\/{rel}","templated":true}]}}