{"id":20,"date":"2018-10-01T22:00:50","date_gmt":"2018-10-01T20:00:50","guid":{"rendered":"https:\/\/www.psychotherapie-chatterjee.de\/?page_id=20"},"modified":"2021-10-19T21:50:04","modified_gmt":"2021-10-19T19:50:04","slug":"profil","status":"publish","type":"page","link":"https:\/\/www.psychotherapie-chatterjee.de\/index.php\/profil\/","title":{"rendered":"Profil"},"content":{"rendered":"<p><img fetchpriority=\"high\" decoding=\"async\" class=\"wp-image-189 alignright\" src=\"https:\/\/www.psychotherapie-chatterjee.de\/wp-content\/uploads\/2018\/10\/572A4657-200x300.jpg\" alt=\"\" width=\"221\" height=\"332\" srcset=\"https:\/\/www.psychotherapie-chatterjee.de\/wp-content\/uploads\/2018\/10\/572A4657-200x300.jpg 200w, https:\/\/www.psychotherapie-chatterjee.de\/wp-content\/uploads\/2018\/10\/572A4657-768x1152.jpg 768w, https:\/\/www.psychotherapie-chatterjee.de\/wp-content\/uploads\/2018\/10\/572A4657-683x1024.jpg 683w\" sizes=\"(max-width: 221px) 100vw, 221px\" \/><\/p>\n<h4 style=\"text-align: left;\"><span style=\"color: #000000;\"><strong>Dipl.-Psych. Angela Chatterjee<\/strong><\/span><\/h4>\n<p style=\"text-align: left;\"><em>&nbsp;&nbsp;&nbsp; <\/em><\/p>\n<p style=\"text-align: left;\"><strong>Pers\u00f6nliches<\/strong><\/p>\n<p>Geboren in T\u00f6nisvorst, aufgewachsen in Aachen,<\/p>\n<p>Studium und Weiterbildung zur psychologischen Psychotherapeutin in Baden-W\u00fcrttemberg,<\/p>\n<p>lebe ich seit 2008 mit meiner Familie in Esslingen am Neckar.<\/p>\n<p style=\"text-align: left;\"><strong>Ausbildung und Studium<\/strong><\/p>\n<p style=\"text-align: left;\">1999&nbsp;&nbsp;&nbsp;&nbsp;&nbsp;&nbsp;&nbsp;&nbsp;&nbsp;&nbsp; Abitur in Aachen (NRW)<\/p>\n<p style=\"text-align: left;\">1999&nbsp;&nbsp;&nbsp;&nbsp;&nbsp;&nbsp;&nbsp;&nbsp;&nbsp;&nbsp; Beginn des Studiums der Romanistik (Spanisch), der Erziehungswissenschaften und der<\/p>\n<p style=\"text-align: left;\">&nbsp;&nbsp;&nbsp;&nbsp;&nbsp;&nbsp;&nbsp;&nbsp;&nbsp;&nbsp;&nbsp;&nbsp;&nbsp;&nbsp;&nbsp;&nbsp;&nbsp;&nbsp; Kognitionswissenschaften an der Albert-Ludwigs Universit\u00e4t, Freiburg<\/p>\n<p style=\"text-align: left;\">2000 &nbsp;&nbsp;&nbsp;&nbsp;&nbsp;&nbsp;&nbsp;&nbsp;&nbsp; Beginn des Psychologiestudiums an der Albert-Ludwigs Universit\u00e4t, Freiburg<\/p>\n<p style=\"text-align: left;\">2003 &nbsp;&nbsp;&nbsp;&nbsp;&nbsp;&nbsp; &nbsp;&nbsp; Vordiplom abgeschlossen<\/p>\n<p style=\"text-align: left;\">2003 &nbsp;&nbsp;&nbsp;&nbsp;&nbsp;&nbsp;&nbsp;&nbsp;&nbsp; Hauptstudium mit den <u>Schwerpunkten<\/u><\/p>\n<p style=\"text-align: left;\">&nbsp;&nbsp;&nbsp;&nbsp;&nbsp;&nbsp;&nbsp;&nbsp;&nbsp;&nbsp;&nbsp;&nbsp;&nbsp;&nbsp;&nbsp;&nbsp;&nbsp;&nbsp;&nbsp;&nbsp;&nbsp; &nbsp; P\u00e4dagogische Psychologie,<\/p>\n<p style=\"text-align: left;\">&nbsp;&nbsp;&nbsp;&nbsp;&nbsp;&nbsp;&nbsp;&nbsp;&nbsp;&nbsp;&nbsp;&nbsp;&nbsp;&nbsp;&nbsp;&nbsp;&nbsp;&nbsp;&nbsp;&nbsp;&nbsp; &nbsp; Rehabilitationspsychologie<\/p>\n<p>&nbsp;&nbsp;&nbsp;&nbsp;&nbsp;&nbsp;&nbsp;&nbsp;&nbsp;&nbsp;&nbsp;&nbsp;&nbsp;&nbsp;&nbsp;&nbsp;&nbsp;&nbsp; &nbsp; &nbsp;&nbsp; <u>Forschungsvertiefungsfach<\/u><\/p>\n<p style=\"text-align: left;\">&nbsp;&nbsp;&nbsp;&nbsp;&nbsp;&nbsp;&nbsp;&nbsp;&nbsp;&nbsp;&nbsp;&nbsp;&nbsp;&nbsp;&nbsp;&nbsp;&nbsp;&nbsp;&nbsp;&nbsp; &nbsp;&nbsp; Pr\u00e4ventions- und Rehabilitationspsychologie<\/p>\n<p>&nbsp;&nbsp;&nbsp;&nbsp;&nbsp;&nbsp;&nbsp;&nbsp;&nbsp;&nbsp;&nbsp;&nbsp;&nbsp;&nbsp;&nbsp;&nbsp;&nbsp;&nbsp;&nbsp; &nbsp; &nbsp; <u> Nebenfach<\/u><\/p>\n<p style=\"text-align: left;\">&nbsp;&nbsp;&nbsp;&nbsp;&nbsp;&nbsp;&nbsp;&nbsp;&nbsp;&nbsp;&nbsp;&nbsp;&nbsp;&nbsp;&nbsp;&nbsp;&nbsp;&nbsp;&nbsp; &nbsp; &nbsp; Psychopathologie<\/p>\n<p style=\"text-align: left;\">&nbsp;&nbsp;&nbsp;&nbsp;&nbsp;&nbsp;&nbsp;&nbsp;&nbsp;&nbsp;&nbsp;&nbsp;&nbsp;&nbsp; &nbsp; &nbsp; Im Rahmen des Hauptstudiums:<\/p>\n<ul>\n<li>&nbsp;&nbsp;&nbsp;&nbsp;&nbsp;&nbsp;&nbsp;&nbsp;&nbsp;&nbsp; Praktikum in einer Psychotherapeutischen Praxis in Freiburg<\/li>\n<li style=\"text-align: left;\">&nbsp;&nbsp;&nbsp;&nbsp;&nbsp;&nbsp;&nbsp;&nbsp;&nbsp;&nbsp; Praktikum in der Abteilung f\u00fcr Psychosomatik und Psychotherapeutische Medizin im Konsil- und<\/li>\n<\/ul>\n<p style=\"padding-left: 80px;\">&nbsp; Liasondienst der&nbsp; Universit\u00e4tsklinik Freiburg<\/p>\n<p style=\"text-align: left;\">2004&nbsp;&nbsp;&nbsp;&nbsp;&nbsp;&nbsp;&nbsp;&nbsp;&nbsp; Diplomarbeit in Form einer Gruppenarbeit mit dem Thema:<\/p>\n<p style=\"text-align: left;\">&nbsp;&nbsp;&nbsp;&nbsp;&nbsp;&nbsp;&nbsp;&nbsp;&nbsp;&nbsp;&nbsp;&nbsp;&nbsp;&nbsp;&nbsp;&nbsp;&nbsp;&nbsp;&nbsp; Versorgungsforschung in der Kinder- und Jugendpsychiatrie:<\/p>\n<p style=\"text-align: left;\">&nbsp;&nbsp;&nbsp;&nbsp;&nbsp;&nbsp;&nbsp;&nbsp;&nbsp;&nbsp;&nbsp;&nbsp;&nbsp;&nbsp;&nbsp;&nbsp;&nbsp;&nbsp;&nbsp; Welche Faktoren beeinflussen die Zuweisung?<\/p>\n<p style=\"text-align: left;\">2006 &nbsp;&nbsp;&nbsp;&nbsp;&nbsp;&nbsp;&nbsp;&nbsp; Abschluss Diplom Psychologin<\/p>\n<p style=\"text-align: left;\"><strong>Berufliche T\u00e4tigkeit<\/strong><\/p>\n<p style=\"text-align: left;\">2006&nbsp;&nbsp;&nbsp;&nbsp;&nbsp;&nbsp;&nbsp;&nbsp; Beginn der Ausbildung zur Psychologischen Psychotherapeutin am Institut f\u00fcr Verhaltenstherapie \u2013 Kurpfalz<\/p>\n<p style=\"text-align: left;\">2006&nbsp;&nbsp;&nbsp;&nbsp;&nbsp;&nbsp;&nbsp;&nbsp; Aufnahme der Praktischen T\u00e4tigkeit im Rahmen der Psychotherapeutenausbildung am ZfP Weinsberg<\/p>\n<p style=\"text-align: left;\">&nbsp;&nbsp;&nbsp;&nbsp;&nbsp;&nbsp;&nbsp;&nbsp;&nbsp;&nbsp;&nbsp;&nbsp;&nbsp;&nbsp;&nbsp;&nbsp; (Klinikum am Weissenhof) Abteilung f\u00fcr Psychosomatik (station\u00e4r)<\/p>\n<p style=\"text-align: left;\">2007&nbsp;&nbsp;&nbsp;&nbsp;&nbsp;&nbsp;&nbsp;&nbsp;&nbsp; Festanstellung als Stationspsychologin am ZfP Weinsberg (Klinikum am Weissenhof) in der<\/p>\n<p style=\"text-align: left;\">&nbsp;&nbsp;&nbsp;&nbsp;&nbsp;&nbsp;&nbsp;&nbsp;&nbsp;&nbsp;&nbsp;&nbsp;&nbsp;&nbsp;&nbsp;&nbsp;&nbsp; Allgemeinpsychiatrie. &nbsp;Zun\u00e4chst im station\u00e4ren Rahmen.<\/p>\n<p>2008&nbsp;&nbsp;&nbsp;&nbsp;&nbsp;&nbsp;&nbsp;&nbsp; Wechsel in die psychiatrische Institutsambulanz der Allgemeinen Psychiatrie des ZfP Weinsberg<\/p>\n<p>2012&nbsp;&nbsp;&nbsp;&nbsp;&nbsp;&nbsp;&nbsp;&nbsp;&nbsp; Abschluss (Staatsexamen) der Weiterbildung in der Verhaltenstherapie am Institut f\u00fcr Verhaltenstherapie-<\/p>\n<p style=\"padding-left: 80px;\">Kurpfalz<\/p>\n<p>2012&nbsp;&nbsp;&nbsp;&nbsp;&nbsp;&nbsp;&nbsp; &nbsp; Geburt des ersten Kindes<\/p>\n<p>2013&nbsp;&nbsp;&nbsp;&nbsp;&nbsp;&nbsp; &nbsp;&nbsp; Beginn der einj\u00e4hrigen Elternzeit (weiterhin angestellt am ZfP Weinsberg)<\/p>\n<p>2014&nbsp;&nbsp;&nbsp;&nbsp;&nbsp;&nbsp; &nbsp;&nbsp; Diplom-Psychologin an der Klinik f\u00fcr Kinder- und Jugendpsychiatrie und -psychotherapie Esslingen<\/p>\n<p style=\"padding-left: 80px;\">(Psychiatrische Institutsambulanz)<\/p>\n<p>2015&nbsp;&nbsp;&nbsp;&nbsp;&nbsp; &nbsp; &nbsp; Anstellung als psychologische Psychotherapeutin in der Praxis R. Wachendorf in Esslingen am Neckar<\/p>\n<p>2017&nbsp; &nbsp; &nbsp; &nbsp; &nbsp; Geburt des 2. Kindes<\/p>\n<p>2017 &nbsp;&nbsp; &nbsp; &nbsp;&nbsp;&nbsp; Beginn der einj\u00e4hrigen Elternzeit (weiterhin angestellt in der o.g. Praxis)<\/p>\n<p>2018&nbsp;&nbsp;&nbsp;&nbsp;&nbsp;&nbsp;&nbsp; &nbsp; Erhalt eines h\u00e4lftigen Versorgungsauftrages der KV-BAWUE<\/p>\n<p style=\"text-align: left;\">Esslingen, den 12.9.2018<\/p>\n","protected":false},"excerpt":{"rendered":"<p>Dipl.-Psych. Angela Chatterjee &nbsp;&nbsp;&nbsp; Pers\u00f6nliches Geboren in T\u00f6nisvorst, aufgewachsen in Aachen, Studium und Weiterbildung zur psychologischen Psychotherapeutin in Baden-W\u00fcrttemberg, lebe ich seit 2008 mit meiner Familie in Esslingen am Neckar. Ausbildung und Studium 1999&nbsp;&nbsp;&nbsp;&nbsp;&nbsp;&nbsp;&nbsp;&nbsp;&nbsp;&nbsp; Abitur in Aachen (NRW) 1999&nbsp;&nbsp;&nbsp;&nbsp;&nbsp;&nbsp;&nbsp;&nbsp;&nbsp;&nbsp; Beginn des Studiums der Romanistik (Spanisch), der Erziehungswissenschaften und der &nbsp;&nbsp;&nbsp;&nbsp;&nbsp;&nbsp;&nbsp;&nbsp;&nbsp;&nbsp;&nbsp;&nbsp;&nbsp;&nbsp;&nbsp;&nbsp;&nbsp;&nbsp; Kognitionswissenschaften an der Albert-Ludwigs Universit\u00e4t, [&hellip;]<\/p>\n","protected":false},"author":2,"featured_media":0,"parent":0,"menu_order":0,"comment_status":"closed","ping_status":"closed","template":"","meta":{"footnotes":""},"class_list":["post-20","page","type-page","status-publish","hentry"],"_links":{"self":[{"href":"https:\/\/www.psychotherapie-chatterjee.de\/index.php\/wp-json\/wp\/v2\/pages\/20","targetHints":{"allow":["GET"]}}],"collection":[{"href":"https:\/\/www.psychotherapie-chatterjee.de\/index.php\/wp-json\/wp\/v2\/pages"}],"about":[{"href":"https:\/\/www.psychotherapie-chatterjee.de\/index.php\/wp-json\/wp\/v2\/types\/page"}],"author":[{"embeddable":true,"href":"https:\/\/www.psychotherapie-chatterjee.de\/index.php\/wp-json\/wp\/v2\/users\/2"}],"replies":[{"embeddable":true,"href":"https:\/\/www.psychotherapie-chatterjee.de\/index.php\/wp-json\/wp\/v2\/comments?post=20"}],"version-history":[{"count":58,"href":"https:\/\/www.psychotherapie-chatterjee.de\/index.php\/wp-json\/wp\/v2\/pages\/20\/revisions"}],"predecessor-version":[{"id":392,"href":"https:\/\/www.psychotherapie-chatterjee.de\/index.php\/wp-json\/wp\/v2\/pages\/20\/revisions\/392"}],"wp:attachment":[{"href":"https:\/\/www.psychotherapie-chatterjee.de\/index.php\/wp-json\/wp\/v2\/media?parent=20"}],"curies":[{"name":"wp","href":"https:\/\/api.w.org\/{rel}","templated":true}]}}